{"id":78,"date":"2024-03-01T17:58:45","date_gmt":"2024-03-01T17:58:45","guid":{"rendered":"https:\/\/vtex.com\/pt-pt\/home\/"},"modified":"2026-02-11T14:52:31","modified_gmt":"2026-02-11T14:52:31","slug":"a-plataforma-de-comercio-composable-e-completa","status":"publish","type":"page","link":"https:\/\/vtex.com\/pt-pt\/","title":{"rendered":"VTEX | A base do com\u00e9rcio conectado"},"content":{"rendered":"\n\n\n\n\n\n\n\n\n\n\n\n\n\n\n\n\n\n\n\n\n<div class=\"wp-block-vtex-blocks-base-wrapper\">\n\n\n\n\n\n\n\n<\/div>\n\n\n\n\n\n<div class=\"wp-block-vtex-blocks-card-carousel\">\n\n\n\n\n\n<\/div>\n\n\n\n\n\n\n\n\n\n\n\n\n","protected":false},"excerpt":{"rendered":"","protected":false},"author":12,"featured_media":0,"parent":0,"menu_order":0,"comment_status":"closed","ping_status":"closed","template":"new-default","meta":{"content-type":"","footnotes":""},"class_list":["post-78","page","type-page","status-publish","hentry"],"yoast_head":"<!-- This site is optimized with the Yoast SEO plugin v26.4 - https:\/\/yoast.com\/wordpress\/plugins\/seo\/ -->\n<title>VTEX | A base do com\u00e9rcio conectado<\/title>\n<meta name=\"description\" content=\"Descubra todas as funcionalidades da plataforma VTEX e explore solu\u00e7\u00f5es de com\u00e9rcio, marketplace e gest\u00e3o de pedidos num s\u00f3 lugar.\" \/>\n<meta name=\"robots\" content=\"index, follow, max-snippet:-1, max-image-preview:large, max-video-preview:-1\" \/>\n<link rel=\"canonical\" href=\"https:\/\/vtex.com\/pt-pt\/\" \/>\n<meta property=\"og:locale\" content=\"pt_PT\" \/>\n<meta property=\"og:type\" content=\"article\" \/>\n<meta property=\"og:title\" content=\"Plataforma de com\u00e9rcio da VTEX para ecommerce B2B e B2C, marketplace, OMS e muito mais\" \/>\n<meta property=\"og:description\" content=\"Descubra todas as funcionalidades da plataforma VTEX e explore solu\u00e7\u00f5es de com\u00e9rcio, marketplace e gest\u00e3o de pedidos num s\u00f3 lugar. Solicite uma demo.\" \/>\n<meta property=\"og:url\" content=\"https:\/\/vtex.com\/pt-pt\/\" \/>\n<meta property=\"og:site_name\" content=\"Portugal\" \/>\n<meta property=\"article:modified_time\" content=\"2026-02-11T14:52:31+00:00\" \/>\n<meta name=\"twitter:card\" content=\"summary_large_image\" \/>\n<meta name=\"twitter:title\" content=\"Plataforma de com\u00e9rcio da VTEX para ecommerce B2B e B2C, marketplace, OMS e muito mais\" \/>\n<meta name=\"twitter:description\" content=\"Descubra todas as funcionalidades da plataforma VTEX e explore solu\u00e7\u00f5es de com\u00e9rcio, marketplace e gest\u00e3o de pedidos num s\u00f3 lugar. Solicite uma demo.\" \/>\n<script type=\"application\/ld+json\" class=\"yoast-schema-graph\">{\"@context\":\"https:\/\/schema.org\",\"@graph\":[{\"@type\":\"WebPage\",\"@id\":\"https:\/\/vtex.com\/pt-pt\/\",\"url\":\"https:\/\/vtex.com\/pt-pt\/\",\"name\":\"VTEX | A base do com\u00e9rcio conectado\",\"isPartOf\":{\"@id\":\"https:\/\/vtexwpprd.wpenginepowered.com\/pt-pt\/#website\"},\"datePublished\":\"2024-03-01T17:58:45+00:00\",\"dateModified\":\"2026-02-11T14:52:31+00:00\",\"description\":\"Descubra todas as funcionalidades da plataforma VTEX e explore solu\u00e7\u00f5es de com\u00e9rcio, marketplace e gest\u00e3o de pedidos num s\u00f3 lugar.\",\"breadcrumb\":{\"@id\":\"https:\/\/vtex.com\/pt-pt\/#breadcrumb\"},\"inLanguage\":\"pt-PT\",\"potentialAction\":[{\"@type\":\"ReadAction\",\"target\":[\"https:\/\/vtex.com\/pt-pt\/\"]}]},{\"@type\":\"BreadcrumbList\",\"@id\":\"https:\/\/vtex.com\/pt-pt\/#breadcrumb\",\"itemListElement\":[{\"@type\":\"ListItem\",\"position\":1,\"name\":\"Home\",\"item\":\"https:\/\/vtex.com\/pt-pt\/\"},{\"@type\":\"ListItem\",\"position\":2,\"name\":\"VTEX | A base do com\u00e9rcio conectado\"}]},{\"@type\":\"WebSite\",\"@id\":\"https:\/\/vtexwpprd.wpenginepowered.com\/pt-pt\/#website\",\"url\":\"https:\/\/vtexwpprd.wpenginepowered.com\/pt-pt\/\",\"name\":\"Portugal\",\"description\":\"\",\"potentialAction\":[{\"@type\":\"SearchAction\",\"target\":{\"@type\":\"EntryPoint\",\"urlTemplate\":\"https:\/\/vtexwpprd.wpenginepowered.com\/pt-pt\/?s={search_term_string}\"},\"query-input\":{\"@type\":\"PropertyValueSpecification\",\"valueRequired\":true,\"valueName\":\"search_term_string\"}}],\"inLanguage\":\"pt-PT\"}]}<\/script>\n<!-- \/ Yoast SEO plugin. -->","yoast_head_json":{"title":"VTEX | A base do com\u00e9rcio conectado","description":"Descubra todas as funcionalidades da plataforma VTEX e explore solu\u00e7\u00f5es de com\u00e9rcio, marketplace e gest\u00e3o de pedidos num s\u00f3 lugar.","robots":{"index":"index","follow":"follow","max-snippet":"max-snippet:-1","max-image-preview":"max-image-preview:large","max-video-preview":"max-video-preview:-1"},"canonical":"https:\/\/vtex.com\/pt-pt\/","og_locale":"pt_PT","og_type":"article","og_title":"Plataforma de com\u00e9rcio da VTEX para ecommerce B2B e B2C, marketplace, OMS e muito mais","og_description":"Descubra todas as funcionalidades da plataforma VTEX e explore solu\u00e7\u00f5es de com\u00e9rcio, marketplace e gest\u00e3o de pedidos num s\u00f3 lugar. Solicite uma demo.","og_url":"https:\/\/vtex.com\/pt-pt\/","og_site_name":"Portugal","article_modified_time":"2026-02-11T14:52:31+00:00","twitter_card":"summary_large_image","twitter_title":"Plataforma de com\u00e9rcio da VTEX para ecommerce B2B e B2C, marketplace, OMS e muito mais","twitter_description":"Descubra todas as funcionalidades da plataforma VTEX e explore solu\u00e7\u00f5es de com\u00e9rcio, marketplace e gest\u00e3o de pedidos num s\u00f3 lugar. Solicite uma demo.","schema":{"@context":"https:\/\/schema.org","@graph":[{"@type":"WebPage","@id":"https:\/\/vtex.com\/pt-pt\/","url":"https:\/\/vtex.com\/pt-pt\/","name":"VTEX | A base do com\u00e9rcio conectado","isPartOf":{"@id":"https:\/\/vtexwpprd.wpenginepowered.com\/pt-pt\/#website"},"datePublished":"2024-03-01T17:58:45+00:00","dateModified":"2026-02-11T14:52:31+00:00","description":"Descubra todas as funcionalidades da plataforma VTEX e explore solu\u00e7\u00f5es de com\u00e9rcio, marketplace e gest\u00e3o de pedidos num s\u00f3 lugar.","breadcrumb":{"@id":"https:\/\/vtex.com\/pt-pt\/#breadcrumb"},"inLanguage":"pt-PT","potentialAction":[{"@type":"ReadAction","target":["https:\/\/vtex.com\/pt-pt\/"]}]},{"@type":"BreadcrumbList","@id":"https:\/\/vtex.com\/pt-pt\/#breadcrumb","itemListElement":[{"@type":"ListItem","position":1,"name":"Home","item":"https:\/\/vtex.com\/pt-pt\/"},{"@type":"ListItem","position":2,"name":"VTEX | A base do com\u00e9rcio conectado"}]},{"@type":"WebSite","@id":"https:\/\/vtexwpprd.wpenginepowered.com\/pt-pt\/#website","url":"https:\/\/vtexwpprd.wpenginepowered.com\/pt-pt\/","name":"Portugal","description":"","potentialAction":[{"@type":"SearchAction","target":{"@type":"EntryPoint","urlTemplate":"https:\/\/vtexwpprd.wpenginepowered.com\/pt-pt\/?s={search_term_string}"},"query-input":{"@type":"PropertyValueSpecification","valueRequired":true,"valueName":"search_term_string"}}],"inLanguage":"pt-PT"}]}},"_links":{"self":[{"href":"https:\/\/vtexwpprd.wpenginepowered.com\/pt-pt\/wp-json\/wp\/v2\/pages\/78","targetHints":{"allow":["GET"]}}],"collection":[{"href":"https:\/\/vtexwpprd.wpenginepowered.com\/pt-pt\/wp-json\/wp\/v2\/pages"}],"about":[{"href":"https:\/\/vtexwpprd.wpenginepowered.com\/pt-pt\/wp-json\/wp\/v2\/types\/page"}],"author":[{"embeddable":true,"href":"https:\/\/vtexwpprd.wpenginepowered.com\/pt-pt\/wp-json\/wp\/v2\/users\/12"}],"replies":[{"embeddable":true,"href":"https:\/\/vtexwpprd.wpenginepowered.com\/pt-pt\/wp-json\/wp\/v2\/comments?post=78"}],"version-history":[{"count":0,"href":"https:\/\/vtexwpprd.wpenginepowered.com\/pt-pt\/wp-json\/wp\/v2\/pages\/78\/revisions"}],"wp:attachment":[{"href":"https:\/\/vtexwpprd.wpenginepowered.com\/pt-pt\/wp-json\/wp\/v2\/media?parent=78"}],"curies":[{"name":"wp","href":"https:\/\/api.w.org\/{rel}","templated":true}]}}